{"id":20,"date":"2020-08-22T17:41:10","date_gmt":"2020-08-22T17:41:10","guid":{"rendered":"https:\/\/wynagencia.com\/?page_id=20"},"modified":"2024-08-12T21:18:26","modified_gmt":"2024-08-13T02:18:26","slug":"nuestros-servicios","status":"publish","type":"page","link":"https:\/\/wynagencia.com\/index.php\/nuestros-servicios\/","title":{"rendered":"Servicios"},"content":{"rendered":"\n<p class=\"has-black-color has-text-color has-link-color wp-elements-d26402f7571c716394a567ffabc2654e\" style=\"font-size:25px\">Somos realizadores de videos hasta 4K, fotograf\u00edas y transmisiones en vivo.<\/p>\n\n\n\n<h2 class=\"wp-block-heading has-text-align-center has-black-color has-pale-cyan-blue-background-color has-text-color has-background has-link-color wp-elements-15d9f1b9eb08fdfd05d11c174151e471\"><strong><mark style=\"background-color:rgba(0, 0, 0, 0)\" class=\"has-inline-color has-vivid-red-color\">REALIZACI\u00d3N AUDIOVISUAL<\/mark><\/strong><\/h2>\n\n\n\n<p class=\"has-black-color has-text-color has-link-color wp-elements-556b49c186e7289a4061b0e92c3be4ea\" style=\"font-size:23px\">Creamos <strong>piezas audivisuales <\/strong>desde la conceptualizaci\u00f3n hasta la producci\u00f3n final, nuestro equipo est\u00e1 listo para crear contenido que comunique tu mensaje de manera efectiva. Ya sea un cortometraje, un anuncio publicitario, o un video corporativo, ofrecemos soluciones personalizadas.<\/p>\n\n\n\n<p><\/p>\n\n\n\n<p class=\"has-black-color has-text-color has-link-color wp-elements-0c04883366f552f97a82a7e51b596616\" style=\"font-size:23px\">\u00a1D\u00e9janos ayudarte a contar tu historia de manera \u00fanica y memorable!<\/p>\n\n\n\n<p><\/p>\n\n\n\n<p class=\"has-text-align-center has-vivid-red-color has-pale-cyan-blue-background-color has-text-color has-background\" style=\"font-size:28px\"><strong>SERVICIO DE FOTOGRAF\u00cdA<\/strong><\/p>\n\n\n\n<p class=\"has-black-color has-text-color has-link-color has-medium-font-size wp-elements-924c3a61e85a2403c99927e7d76fbcaf\">El servicio de fotograf\u00eda pricipalmente es para reuniones corporativas, de car\u00e1cter comunitario, conferencias, festivales, de producto, moda o para emprendimientos en la zona urbana o rural. Nuestro equipo de fot\u00f3grafos est\u00e1 comprometido para brindar im\u00e1genes de alta calidad que contar\u00e1s y revivir\u00e1s por a\u00f1os.<\/p>\n\n\n\n<p class=\"has-text-align-center has-vivid-red-color has-pale-cyan-blue-background-color has-text-color has-background has-link-color wp-elements-0e94a2724a6646a221a438d66dfb8b7a\" style=\"font-size:28px\"><strong>SERVICIO DE TRANSMISI\u00d3N EN VIVO<\/strong> &#8211; <strong>STREAMIG<\/strong><\/p>\n\n\n\n<p class=\"has-black-color has-text-color has-link-color has-medium-font-size wp-elements-1323af52be7f25b74bcd11999a5c7c32\">Estamos listos para mostrar tu evento a trav\u00e9s de la transmisi\u00f3n en vivo. Ofrecemos soluciones de streaming para conferencias, conciertos, circuito cerrado a trav\u00e9s de aplicaciones de reuniones y m\u00e1s, asegurando que tu audiencia pueda disfrutar de cada momento en tiempo real, sin importar d\u00f3nde se encuentren. Garantizamos una experiencia de alta calidad y sin interrupciones. \u00a1Cont\u00e1ctanos hoy para transformar tu evento en una experiencia global! <\/p>\n\n\n\n<p class=\"has-black-color has-text-color has-link-color has-medium-font-size wp-elements-e1a5a4a2650d725ad612a9c0c51bd012\">Contamos con nuestro propio internet a trav\u00e9s de <strong>Starlink<\/strong> para subir la transmisi\u00f3n.<\/p>\n","protected":false},"excerpt":{"rendered":"<p>Somos realizadores de videos hasta 4K, fotograf\u00edas y transmisiones en vivo. REALIZACI\u00d3N AUDIOVISUAL Creamos piezas [&hellip;]<\/p>\n","protected":false},"author":2,"featured_media":0,"parent":0,"menu_order":0,"comment_status":"closed","ping_status":"closed","template":"page_fullwidth.php","meta":{"ngg_post_thumbnail":0,"footnotes":""},"class_list":["post-20","page","type-page","status-publish","hentry"],"_links":{"self":[{"href":"https:\/\/wynagencia.com\/index.php\/wp-json\/wp\/v2\/pages\/20","targetHints":{"allow":["GET"]}}],"collection":[{"href":"https:\/\/wynagencia.com\/index.php\/wp-json\/wp\/v2\/pages"}],"about":[{"href":"https:\/\/wynagencia.com\/index.php\/wp-json\/wp\/v2\/types\/page"}],"author":[{"embeddable":true,"href":"https:\/\/wynagencia.com\/index.php\/wp-json\/wp\/v2\/users\/2"}],"replies":[{"embeddable":true,"href":"https:\/\/wynagencia.com\/index.php\/wp-json\/wp\/v2\/comments?post=20"}],"version-history":[{"count":32,"href":"https:\/\/wynagencia.com\/index.php\/wp-json\/wp\/v2\/pages\/20\/revisions"}],"predecessor-version":[{"id":332,"href":"https:\/\/wynagencia.com\/index.php\/wp-json\/wp\/v2\/pages\/20\/revisions\/332"}],"wp:attachment":[{"href":"https:\/\/wynagencia.com\/index.php\/wp-json\/wp\/v2\/media?parent=20"}],"curies":[{"name":"wp","href":"https:\/\/api.w.org\/{rel}","templated":true}]}}