{"id":436,"date":"2024-09-21T08:46:19","date_gmt":"2024-09-21T13:46:19","guid":{"rendered":"https:\/\/wynagencia.com\/?page_id=436"},"modified":"2024-10-14T23:44:44","modified_gmt":"2024-10-15T04:44:44","slug":"transmision-en-vivo","status":"publish","type":"page","link":"https:\/\/wynagencia.com\/index.php\/transmision-en-vivo\/","title":{"rendered":"Transmisi\u00f3n en vivo"},"content":{"rendered":"\nngg_shortcode_0_placeholder\n\n\n\n<p><strong><mark style=\"background-color:rgba(0, 0, 0, 0)\" class=\"has-inline-color has-vivid-red-color\">ALGUNAS TRANSMISIONES REALIZADAS POR NOSOTROS:<\/mark><\/strong><\/p>\n\n\n\n<figure class=\"wp-block-embed is-type-video is-provider-youtube wp-block-embed-youtube wp-embed-aspect-16-9 wp-has-aspect-ratio\"><div class=\"wp-block-embed__wrapper\">\n<iframe loading=\"lazy\" title=\"Clase #01 - Como DESINTOXICAR EL COLON y eliminar la inflamaci\u00f3n para SIEMPRE\" width=\"1140\" height=\"641\" src=\"https:\/\/www.youtube.com\/embed\/ESra0ECodek?feature=oembed\" frameborder=\"0\" allow=\"accelerometer; autoplay; clipboard-write; encrypted-media; gyroscope; picture-in-picture; web-share\" referrerpolicy=\"strict-origin-when-cross-origin\" allowfullscreen><\/iframe>\n<\/div><figcaption class=\"wp-element-caption\"><strong>Transmisi\u00f3n para el Influencer Marlon Velasco<\/strong><\/figcaption><\/figure>\n\n\n\n<p><strong>VI EIAA Encuentro Internacional de Arqueolog\u00eda Amaz\u00f3nica<\/strong><\/p>\n\n\n\n<figure class=\"wp-block-embed is-type-video is-provider-youtube wp-block-embed-youtube wp-embed-aspect-16-9 wp-has-aspect-ratio\"><div class=\"wp-block-embed__wrapper\">\n<iframe loading=\"lazy\"  id=\"_ytid_18605\"  width=\"1140\" height=\"641\"  data-origwidth=\"1140\" data-origheight=\"641\" src=\"https:\/\/www.youtube.com\/embed\/ViTL2D6P6CY?enablejsapi=1&#038;autoplay=0&#038;cc_load_policy=0&#038;cc_lang_pref=&#038;iv_load_policy=1&#038;loop=0&#038;rel=0&#038;fs=1&#038;playsinline=0&#038;autohide=2&#038;theme=dark&#038;color=red&#038;controls=1&#038;disablekb=0&#038;\" class=\"__youtube_prefs__  epyt-is-override  no-lazyload\" title=\"YouTube player\"  allow=\"fullscreen; accelerometer; autoplay; clipboard-write; encrypted-media; gyroscope; picture-in-picture; web-share\" referrerpolicy=\"strict-origin-when-cross-origin\" allowfullscreen data-no-lazy=\"1\" data-skipgform_ajax_framebjll=\"\"><\/iframe>\n<\/div><\/figure>\n\n\n\n<p>Segundo Foro Departamental de Planificaci\u00f3n Predial-WWF:<\/p>\n\n\n\n<figure class=\"wp-block-embed is-type-video is-provider-youtube wp-block-embed-youtube wp-embed-aspect-16-9 wp-has-aspect-ratio\"><div class=\"wp-block-embed__wrapper\">\n<iframe loading=\"lazy\" title=\"SEGUNDO FORO DEPARTAMENTAL DE PLANIFICACI\u00d3N\" width=\"1140\" height=\"641\" src=\"https:\/\/www.youtube.com\/embed\/4X-RbbxMH4w?feature=oembed\" frameborder=\"0\" allow=\"accelerometer; autoplay; clipboard-write; encrypted-media; gyroscope; picture-in-picture; web-share\" referrerpolicy=\"strict-origin-when-cross-origin\" allowfullscreen><\/iframe>\n<\/div><\/figure>\n\n\n\n<p>Audiencia P\u00fablica de Rendici\u00f3n de Cuentas &#8211; Gobernaci\u00f3n del Guaviare:<\/p>\n\n\n\n<figure class=\"wp-block-embed is-type-video is-provider-youtube wp-block-embed-youtube wp-embed-aspect-16-9 wp-has-aspect-ratio\"><div class=\"wp-block-embed__wrapper\">\n<iframe loading=\"lazy\" title=\"100 D\u00cdAS RENDICI\u00d3N P\u00daBLICA DE CUENTAS 2024 - 2027\" width=\"1140\" height=\"641\" src=\"https:\/\/www.youtube.com\/embed\/zX1UlZF5664?feature=oembed\" frameborder=\"0\" allow=\"accelerometer; autoplay; clipboard-write; encrypted-media; gyroscope; picture-in-picture; web-share\" referrerpolicy=\"strict-origin-when-cross-origin\" allowfullscreen><\/iframe>\n<\/div><\/figure>\n\n\n\n<p>Primer Foro de Guaviare Territorio de Empresarios Exitosos &#8211; C\u00e1mara de Comercio San Jos\u00e9<\/p>\n\n\n\n<figure class=\"wp-block-embed is-type-video is-provider-youtube wp-block-embed-youtube wp-embed-aspect-16-9 wp-has-aspect-ratio\"><div class=\"wp-block-embed__wrapper\">\n<iframe loading=\"lazy\" title=\"I Foro \u201cGuaviare\u2026Territorio de Empresarios \u00c9xitos\u201d\" width=\"1140\" height=\"641\" src=\"https:\/\/www.youtube.com\/embed\/jDwNL6Orz5Y?feature=oembed\" frameborder=\"0\" allow=\"accelerometer; autoplay; clipboard-write; encrypted-media; gyroscope; picture-in-picture; web-share\" referrerpolicy=\"strict-origin-when-cross-origin\" allowfullscreen><\/iframe>\n<\/div><\/figure>\n\n\n\n<p>Primer Foro Ganader\u00eda Sostenible &#8211; USAID<\/p>\n\n\n\n<figure class=\"wp-block-embed is-type-video is-provider-youtube wp-block-embed-youtube wp-embed-aspect-16-9 wp-has-aspect-ratio\"><div class=\"wp-block-embed__wrapper\">\n<iframe loading=\"lazy\" title=\"PRIMER FORO DE GANADERIA SOSTENIBLE\" width=\"1140\" height=\"641\" src=\"https:\/\/www.youtube.com\/embed\/lW0MhesiQdM?feature=oembed\" frameborder=\"0\" allow=\"accelerometer; autoplay; clipboard-write; encrypted-media; gyroscope; picture-in-picture; web-share\" referrerpolicy=\"strict-origin-when-cross-origin\" allowfullscreen><\/iframe>\n<\/div><\/figure>\n\n\n\n<p>Rueda de Prensa &#8211; Contralor\u00eda General de la Naci\u00f3n <a href=\"https:\/\/www.youtube.com\/live\/qWS3suZf6wQ?si=zPfsK_Ijz96PWE_4\">https:\/\/www.youtube.com\/live\/qWS3suZf6wQ?si=zPfsK_Ijz96PWE_4<\/a><\/p>\n","protected":false},"excerpt":{"rendered":"<p>ALGUNAS TRANSMISIONES REALIZADAS POR NOSOTROS: VI EIAA Encuentro Internacional de Arqueolog\u00eda Amaz\u00f3nica Segundo Foro Departamental [&hellip;]<\/p>\n","protected":false},"author":2,"featured_media":0,"parent":0,"menu_order":0,"comment_status":"closed","ping_status":"closed","template":"page_fullwidth.php","meta":{"ngg_post_thumbnail":0,"footnotes":""},"class_list":["post-436","page","type-page","status-publish","hentry"],"_links":{"self":[{"href":"https:\/\/wynagencia.com\/index.php\/wp-json\/wp\/v2\/pages\/436","targetHints":{"allow":["GET"]}}],"collection":[{"href":"https:\/\/wynagencia.com\/index.php\/wp-json\/wp\/v2\/pages"}],"about":[{"href":"https:\/\/wynagencia.com\/index.php\/wp-json\/wp\/v2\/types\/page"}],"author":[{"embeddable":true,"href":"https:\/\/wynagencia.com\/index.php\/wp-json\/wp\/v2\/users\/2"}],"replies":[{"embeddable":true,"href":"https:\/\/wynagencia.com\/index.php\/wp-json\/wp\/v2\/comments?post=436"}],"version-history":[{"count":4,"href":"https:\/\/wynagencia.com\/index.php\/wp-json\/wp\/v2\/pages\/436\/revisions"}],"predecessor-version":[{"id":481,"href":"https:\/\/wynagencia.com\/index.php\/wp-json\/wp\/v2\/pages\/436\/revisions\/481"}],"wp:attachment":[{"href":"https:\/\/wynagencia.com\/index.php\/wp-json\/wp\/v2\/media?parent=436"}],"curies":[{"name":"wp","href":"https:\/\/api.w.org\/{rel}","templated":true}]}}